{"id":7,"date":"2020-09-15T10:27:18","date_gmt":"2020-09-15T10:27:18","guid":{"rendered":"https:\/\/globalindustriayservicios.com\/index.php\/home\/"},"modified":"2023-01-18T23:29:46","modified_gmt":"2023-01-18T23:29:46","slug":"sellos-mecanicos","status":"publish","type":"page","link":"https:\/\/globalindustriayservicios.com\/","title":{"rendered":"INICIO"},"content":{"rendered":"\n<div class=\"wp-block-uagb-container uagb-block-c2698187 alignfull uagb-is-root-container\"><div class=\"uagb-container-inner-blocks-wrap\">\n<div class=\"wp-block-uagb-info-box uagb-block-e335aa2f uagb-infobox__content-wrap  uagb-infobox-icon-above-title uagb-infobox-image-valign-top\"><div class=\"uagb-ifb-content\"><div class=\"uagb-ifb-icon-wrap\"><svg xmlns=\"https:\/\/www.w3.org\/2000\/svg\" viewBox=\"0 0 320 512\"><path d=\"M281.6 392.3l-104 112.1c-9.498 10.24-25.69 10.24-35.19 0l-104-112.1c-6.484-6.992-8.219-17.18-4.404-25.94c3.811-8.758 12.45-14.42 21.1-14.42H128V32c0-17.69 14.33-32 32-32S192 14.31 192 32v319.9h72c9.547 0 18.19 5.66 22 14.42C289.8 375.1 288.1 385.3 281.6 392.3z\"><\/path><\/svg><\/div><div class=\"uagb-ifb-title-wrap\"><\/div><\/div><\/div>\n\n\n\n<h2 class=\"has-text-align-center has-ast-global-color-6-color has-cyan-bluish-gray-background-color has-text-color has-background has-large-font-size uag-hide-mob wp-block-heading\" id=\"h-una-industria-y-todas-las-soluciones\" style=\"font-style:normal;font-weight:600\"><strong><em>UNA INDUSTRIA Y TODAS LAS SOLUCIONES <\/em><\/strong><\/h2>\n\n\n\n<p><\/p>\n<\/div><\/div>\n\n\n\n<div class=\"wp-block-uagb-container uagb-block-c7b60e91 alignfull uagb-is-root-container\"><div class=\"uagb-container-inner-blocks-wrap\">\n<div class=\"wp-block-uagb-advanced-heading uagb-block-9ac2ea35\"><h5 class=\"uagb-heading-text\">NOSOTROS!<\/h5><\/div>\n\n\n\n<div class=\"wp-block-uagb-info-box uagb-block-50bb3dd7 uagb-infobox__content-wrap  uagb-infobox-icon-above-title uagb-infobox-image-valign-top\"><div class=\"uagb-ifb-content\"><div class=\"uagb-ifb-title-wrap\"><h2 class=\"uagb-ifb-title\">\u00a1Largos a\u00f1os de excelencia en la fabricaci\u00f3n con la mejor calidad!\u200b<\/h2><\/div><p class=\"uagb-ifb-desc\"><strong>retenedores y empaques<\/strong> ahora es <strong>Global industria y servicios<\/strong>, somos empresa renovada con el compromiso de satisfacer las necesidades de una industria creciente y globalizada, por esta raz\u00f3n damos un paso hacia el futuro cambiando nuestra imagen manteniendo los valores que nos caracterizan, pero teniendo la fiel convicci\u00f3n de que siempre se puede mejorar.<br>nuestro motor es cada d\u00eda aportar un un grano de arena para que nuestra sociedad avanc\u00e9.<\/p><div class=\"uagb-ifb-button-wrapper wp-block-button\"><a href=\"#\" class=\"uagb-infobox-cta-link wp-block-button__link\" target=\"_self\" rel=\"noopener noreferrer\" alt=\"\"><span class=\"uagb-inline-editing\"><\/span><\/a><\/div><\/div><\/div>\n<\/div><\/div>\n\n\n\n<div class=\"wp-block-uagb-container uagb-block-96c71d0d alignfull uagb-is-root-container\"><div class=\"uagb-container-inner-blocks-wrap\">\n<div class=\"wp-block-uagb-container uagb-block-21fda5b4\">\n<div class=\"wp-block-uagb-advanced-heading uagb-block-fb6345c4\"><h5 class=\"uagb-heading-text\">Nuestros productos<\/h5><\/div>\n\n\n\n<div class=\"wp-block-uagb-info-box uagb-block-799b7ae2 uagb-infobox__content-wrap  uagb-infobox-icon-above-title uagb-infobox-image-valign-top\"><div class=\"uagb-ifb-content\"><div class=\"uagb-ifb-title-wrap\"><h3 class=\"uagb-ifb-title\">Somos los l\u00edderes de la industria y producimos la soluci\u00f3n m\u00e1s confiable y moderna que est\u00e1 buscando.<\/h3><\/div><div class=\"uagb-ifb-separator\"><\/div><\/div><\/div>\n\n\n\n<div class=\"wp-block-uagb-info-box uagb-block-f10f81f6 uagb-infobox__content-wrap  uagb-infobox-icon-above-title uagb-infobox-image-valign-top\"><div class=\"uagb-ifb-content\"><div class=\"uagb-ifb-title-wrap\"><h4 class=\"uagb-ifb-title\">sellos mec\u00e1nicos<\/h4><\/div><p class=\"uagb-ifb-desc\"><strong>productos de alta calidad que te permiten tener una confiable garant\u00eda para poder continuar con tu producci\u00f3n<\/strong><\/p><div class=\"uagb-ifb-separator\"><\/div><\/div><\/div>\n\n\n\n<div class=\"wp-block-uagb-info-box uagb-block-1ff8483d uagb-infobox__content-wrap  uagb-infobox-icon-above-title uagb-infobox-image-valign-top\"><div class=\"uagb-ifb-content\"><div class=\"uagb-ifb-title-wrap\"><h4 class=\"uagb-ifb-title\">Empaque y Moldes<\/h4><\/div><p class=\"uagb-ifb-desc\"><strong>En nuestra moderna planta de producci\u00f3n podemos hacer moldes a medida y fabricar los empaques con materiales de la mejor calidad.<\/strong><\/p><div class=\"uagb-ifb-separator\"><\/div><\/div><\/div>\n\n\n\n<div class=\"wp-block-uagb-info-box uagb-block-b74d2b46 uagb-infobox__content-wrap  uagb-infobox-icon-above-title uagb-infobox-image-valign-top\"><div class=\"uagb-ifb-content\"><div class=\"uagb-ifb-title-wrap\"><h4 class=\"uagb-ifb-title\">Juntas Rotativas<\/h4><\/div><p class=\"uagb-ifb-desc\"><strong>Nuestras juntas rotativas de gran calidad nos permiten el paso de fluidos y gases a trav\u00e9s de sistemas en movimiento garantizando el sellado y el buen funcionamiento de los procesos.<\/strong><\/p><\/div><\/div>\n<\/div>\n\n\n\n<div class=\"wp-block-uagb-container uagb-block-3f6b4f53\">\n<div class=\"wp-block-uagb-info-box uagb-block-5c442dd0 uagb-infobox__content-wrap  uagb-infobox-icon-above-title uagb-infobox-image-valign-top\"><div class=\"uagb-ifb-content\"><div class=\"uagb-ifb-title-wrap\"><h2 class=\"uagb-ifb-title\">El \u00fanico lugar donde obtendr\u00e1 la soluci\u00f3n perfecta para todas las necesidades de su industria.\u200b<\/h2><\/div><div class=\"uagb-ifb-button-wrapper wp-block-button\"><a href=\"#\" class=\"uagb-infobox-cta-link wp-block-button__link\" target=\"_self\" rel=\"noopener noreferrer\" alt=\"\"><span class=\"uagb-inline-editing\">Learn More<\/span><\/a><\/div><\/div><\/div>\n<\/div>\n<\/div><\/div>\n\n\n\n<div class=\"wp-block-uagb-container uagb-block-45459f8d alignfull uagb-is-root-container\"><div class=\"uagb-container-inner-blocks-wrap\">\n<div class=\"wp-block-uagb-container uagb-block-62774e68\">\n<div class=\"wp-block-uagb-advanced-heading uagb-block-15f45470\"><h3 class=\"uagb-heading-text\">\u00bfNecesita ayuda con soluciones industriales m\u00e1s f\u00e1ciles? \u00a1Somos expertos!<\/h3><\/div>\n<\/div>\n\n\n\n<div class=\"wp-block-uagb-container uagb-block-e8782a49\">\n<div class=\"wp-block-uagb-buttons uagb-buttons__outer-wrap uagb-btn__default-btn uagb-btn-tablet__default-btn uagb-btn-mobile__default-btn uagb-block-669de714\"><div class=\"uagb-buttons__wrap uagb-buttons-layout-wrap\">\n<div class=\"wp-block-uagb-buttons-child uagb-buttons__outer-wrap uagb-block-823c843c wp-block-button is-style-outline\"><div class=\"uagb-button__wrapper\"><a class=\"uagb-buttons-repeater wp-block-button__link\" href=\"#\" onclick=\"return false;\" rel=\"follow noopener\" target=\"_self\"><div class=\"uagb-button__link\">Click Here<\/div><\/a><\/div><\/div>\n<\/div><\/div>\n<\/div>\n\n\n\t\t\t<div \n\t\t\tclass=\"wp-block-uagb-google-map uagb-google-map__wrap uagb-block-82e70759     \"\n\t\t\tstyle=\"\" >\n\t\t\t\t<embed\n\t\t\t\t\tclass=\"uagb-google-map__iframe\"\n\t\t\t\t\ttitle=\"Google Map for \"\n\t\t\t\t\tsrc=\"https:\/\/maps.google.com\/maps?q=global%20industria%20y%20servicios&#038;z=14&#038;hl=es&#038;t=m&#038;output=embed&#038;iwloc=near\"\n\t\t\t\t\twidth=\"640\"\n\t\t\t\t\theight=\"300\"\n\t\t\t\t\tloading=\"lazy\"\n\t\t\t\t><\/embed>\n\t\t\t<\/div>\n\t\t\t<\/div><\/div>\n","protected":false},"excerpt":{"rendered":"<p>UNA INDUSTRIA Y TODAS LAS SOLUCIONES NOSOTROS! Nuestros productos \u00bfNecesita ayuda con soluciones industriales m\u00e1s f\u00e1ciles? \u00a1Somos expertos!<\/p>\n","protected":false},"author":1,"featured_media":659,"parent":0,"menu_order":0,"comment_status":"closed","ping_status":"closed","template":"","meta":{"_uag_custom_page_level_css":"","site-sidebar-layout":"no-sidebar","site-content-layout":"plain-container","ast-global-header-display":"","ast-main-header-display":"","ast-hfb-above-header-display":"","ast-hfb-below-header-display":"","ast-hfb-mobile-header-display":"","site-post-title":"disabled","ast-breadcrumbs-content":"","ast-featured-img":"disabled","footer-sml-layout":"","theme-transparent-header-meta":"enabled","adv-header-id-meta":"","stick-header-meta":"","header-above-stick-meta":"","header-main-stick-meta":"","header-below-stick-meta":"","footnotes":""},"yoast_head":"<!-- This site is optimized with the Yoast SEO Premium plugin v19.5 (Yoast SEO v22.1) - https:\/\/yoast.com\/wordpress\/plugins\/seo\/ -->\n<title>INICIO Global industria y servicios Global industria y servicios<\/title>\n<meta name=\"description\" content=\"Especialistas en sellado de fluidos, sellos mec\u00e1nicos, empaquetaduras especiales y comerciales, juntas rotativas y servicio de reparaci\u00f3n\" \/>\n<meta name=\"robots\" content=\"index, follow, max-snippet:-1, max-image-preview:large, max-video-preview:-1\" \/>\n<link rel=\"canonical\" href=\"https:\/\/globalindustriayservicios.com\/\" \/>\n<meta property=\"og:locale\" content=\"es_ES\" \/>\n<meta property=\"og:type\" content=\"article\" \/>\n<meta property=\"og:title\" content=\"INICIO\" \/>\n<meta property=\"og:description\" content=\"Especialistas en sellado de fluidos, sellos mec\u00e1nicos, empaquetaduras especiales y comerciales, juntas rotativas y servicio de reparaci\u00f3n\" \/>\n<meta property=\"og:url\" content=\"https:\/\/globalindustriayservicios.com\/\" \/>\n<meta property=\"og:site_name\" content=\"Global industria y servicios\" \/>\n<meta property=\"article:modified_time\" content=\"2023-01-18T23:29:46+00:00\" \/>\n<meta property=\"og:image\" content=\"https:\/\/globalindustriayservicios.com\/wp-content\/uploads\/2023\/01\/WhatsApp-Image-2023-01-14-at-8.08.28-PM-e1674001885689.jpeg\" \/>\n\t<meta property=\"og:image:width\" content=\"350\" \/>\n\t<meta property=\"og:image:height\" content=\"541\" \/>\n\t<meta property=\"og:image:type\" content=\"image\/jpeg\" \/>\n<meta name=\"twitter:card\" content=\"summary_large_image\" \/>\n<meta name=\"twitter:label1\" content=\"Tiempo estimado de lectura\" \/>\n\t<meta name=\"twitter:data1\" content=\"1 minuto\" \/>\n<script type=\"application\/ld+json\" class=\"yoast-schema-graph\">{\"@context\":\"https:\/\/schema.org\",\"@graph\":[{\"@type\":\"WebPage\",\"@id\":\"https:\/\/globalindustriayservicios.com\/\",\"url\":\"https:\/\/globalindustriayservicios.com\/\",\"name\":\"INICIO Global industria y servicios Global industria y servicios\",\"isPartOf\":{\"@id\":\"https:\/\/globalindustriayservicios.com\/#website\"},\"datePublished\":\"2020-09-15T10:27:18+00:00\",\"dateModified\":\"2023-01-18T23:29:46+00:00\",\"description\":\"Especialistas en sellado de fluidos, sellos mec\u00e1nicos, empaquetaduras especiales y comerciales, juntas rotativas y servicio de reparaci\u00f3n\",\"breadcrumb\":{\"@id\":\"https:\/\/globalindustriayservicios.com\/#breadcrumb\"},\"inLanguage\":\"es-CO\",\"potentialAction\":[{\"@type\":\"ReadAction\",\"target\":[\"https:\/\/globalindustriayservicios.com\/\"]}]},{\"@type\":\"BreadcrumbList\",\"@id\":\"https:\/\/globalindustriayservicios.com\/#breadcrumb\",\"itemListElement\":[{\"@type\":\"ListItem\",\"position\":1,\"name\":\"Home\",\"item\":\"https:\/\/globalindustriayservicios.com\/\"},{\"@type\":\"ListItem\",\"position\":2,\"name\":\"INICIO\"}]},{\"@type\":\"WebSite\",\"@id\":\"https:\/\/globalindustriayservicios.com\/#website\",\"url\":\"https:\/\/globalindustriayservicios.com\/\",\"name\":\"Global industria y servicios\",\"description\":\"\",\"publisher\":{\"@id\":\"https:\/\/globalindustriayservicios.com\/#organization\"},\"potentialAction\":[{\"@type\":\"SearchAction\",\"target\":{\"@type\":\"EntryPoint\",\"urlTemplate\":\"https:\/\/globalindustriayservicios.com\/?s={search_term_string}\"},\"query-input\":\"required name=search_term_string\"}],\"inLanguage\":\"es-CO\"},{\"@type\":\"Organization\",\"@id\":\"https:\/\/globalindustriayservicios.com\/#organization\",\"name\":\"Global industria y servicios\",\"url\":\"https:\/\/globalindustriayservicios.com\/\",\"logo\":{\"@type\":\"ImageObject\",\"inLanguage\":\"es-CO\",\"@id\":\"https:\/\/globalindustriayservicios.com\/#\/schema\/logo\/image\/\",\"url\":\"https:\/\/globalindustriayservicios.com\/wp-content\/uploads\/2023\/01\/1.png\",\"contentUrl\":\"https:\/\/globalindustriayservicios.com\/wp-content\/uploads\/2023\/01\/1.png\",\"width\":4205,\"height\":2275,\"caption\":\"Global industria y servicios\"},\"image\":{\"@id\":\"https:\/\/globalindustriayservicios.com\/#\/schema\/logo\/image\/\"}}]}<\/script>\n<!-- \/ Yoast SEO Premium plugin. -->","yoast_head_json":{"title":"INICIO Global industria y servicios Global industria y servicios","description":"Especialistas en sellado de fluidos, sellos mec\u00e1nicos, empaquetaduras especiales y comerciales, juntas rotativas y servicio de reparaci\u00f3n","robots":{"index":"index","follow":"follow","max-snippet":"max-snippet:-1","max-image-preview":"max-image-preview:large","max-video-preview":"max-video-preview:-1"},"canonical":"https:\/\/globalindustriayservicios.com\/","og_locale":"es_ES","og_type":"article","og_title":"INICIO","og_description":"Especialistas en sellado de fluidos, sellos mec\u00e1nicos, empaquetaduras especiales y comerciales, juntas rotativas y servicio de reparaci\u00f3n","og_url":"https:\/\/globalindustriayservicios.com\/","og_site_name":"Global industria y servicios","article_modified_time":"2023-01-18T23:29:46+00:00","og_image":[{"width":350,"height":541,"url":"https:\/\/globalindustriayservicios.com\/wp-content\/uploads\/2023\/01\/WhatsApp-Image-2023-01-14-at-8.08.28-PM-e1674001885689.jpeg","type":"image\/jpeg"}],"twitter_card":"summary_large_image","twitter_misc":{"Tiempo estimado de lectura":"1 minuto"},"schema":{"@context":"https:\/\/schema.org","@graph":[{"@type":"WebPage","@id":"https:\/\/globalindustriayservicios.com\/","url":"https:\/\/globalindustriayservicios.com\/","name":"INICIO Global industria y servicios Global industria y servicios","isPartOf":{"@id":"https:\/\/globalindustriayservicios.com\/#website"},"datePublished":"2020-09-15T10:27:18+00:00","dateModified":"2023-01-18T23:29:46+00:00","description":"Especialistas en sellado de fluidos, sellos mec\u00e1nicos, empaquetaduras especiales y comerciales, juntas rotativas y servicio de reparaci\u00f3n","breadcrumb":{"@id":"https:\/\/globalindustriayservicios.com\/#breadcrumb"},"inLanguage":"es-CO","potentialAction":[{"@type":"ReadAction","target":["https:\/\/globalindustriayservicios.com\/"]}]},{"@type":"BreadcrumbList","@id":"https:\/\/globalindustriayservicios.com\/#breadcrumb","itemListElement":[{"@type":"ListItem","position":1,"name":"Home","item":"https:\/\/globalindustriayservicios.com\/"},{"@type":"ListItem","position":2,"name":"INICIO"}]},{"@type":"WebSite","@id":"https:\/\/globalindustriayservicios.com\/#website","url":"https:\/\/globalindustriayservicios.com\/","name":"Global industria y servicios","description":"","publisher":{"@id":"https:\/\/globalindustriayservicios.com\/#organization"},"potentialAction":[{"@type":"SearchAction","target":{"@type":"EntryPoint","urlTemplate":"https:\/\/globalindustriayservicios.com\/?s={search_term_string}"},"query-input":"required name=search_term_string"}],"inLanguage":"es-CO"},{"@type":"Organization","@id":"https:\/\/globalindustriayservicios.com\/#organization","name":"Global industria y servicios","url":"https:\/\/globalindustriayservicios.com\/","logo":{"@type":"ImageObject","inLanguage":"es-CO","@id":"https:\/\/globalindustriayservicios.com\/#\/schema\/logo\/image\/","url":"https:\/\/globalindustriayservicios.com\/wp-content\/uploads\/2023\/01\/1.png","contentUrl":"https:\/\/globalindustriayservicios.com\/wp-content\/uploads\/2023\/01\/1.png","width":4205,"height":2275,"caption":"Global industria y servicios"},"image":{"@id":"https:\/\/globalindustriayservicios.com\/#\/schema\/logo\/image\/"}}]}},"uagb_featured_image_src":{"full":["https:\/\/globalindustriayservicios.com\/wp-content\/uploads\/2023\/01\/WhatsApp-Image-2023-01-14-at-8.08.28-PM-e1674001885689.jpeg",350,541,false],"thumbnail":["https:\/\/globalindustriayservicios.com\/wp-content\/uploads\/2023\/01\/WhatsApp-Image-2023-01-14-at-8.08.28-PM-e1674001885689-150x150.jpeg",150,150,true],"medium":["https:\/\/globalindustriayservicios.com\/wp-content\/uploads\/2023\/01\/WhatsApp-Image-2023-01-14-at-8.08.28-PM-e1674001885689-194x300.jpeg",194,300,true],"medium_large":["https:\/\/globalindustriayservicios.com\/wp-content\/uploads\/2023\/01\/WhatsApp-Image-2023-01-14-at-8.08.28-PM-768x420.jpeg",768,420,true],"large":["https:\/\/globalindustriayservicios.com\/wp-content\/uploads\/2023\/01\/WhatsApp-Image-2023-01-14-at-8.08.28-PM-1024x559.jpeg",1024,559,true],"1536x1536":["https:\/\/globalindustriayservicios.com\/wp-content\/uploads\/2023\/01\/WhatsApp-Image-2023-01-14-at-8.08.28-PM-1536x839.jpeg",1536,839,true],"2048x2048":["https:\/\/globalindustriayservicios.com\/wp-content\/uploads\/2023\/01\/WhatsApp-Image-2023-01-14-at-8.08.28-PM-e1674001885689.jpeg",350,541,false]},"uagb_author_info":{"display_name":"duvanpira2","author_link":"https:\/\/globalindustriayservicios.com\/index.php\/author\/duvanpira2\/"},"uagb_comment_info":0,"uagb_excerpt":"UNA INDUSTRIA Y TODAS LAS SOLUCIONES NOSOTROS! Nuestros productos \u00bfNecesita ayuda con soluciones industriales m\u00e1s f\u00e1ciles? \u00a1Somos expertos!","_links":{"self":[{"href":"https:\/\/globalindustriayservicios.com\/index.php\/wp-json\/wp\/v2\/pages\/7"}],"collection":[{"href":"https:\/\/globalindustriayservicios.com\/index.php\/wp-json\/wp\/v2\/pages"}],"about":[{"href":"https:\/\/globalindustriayservicios.com\/index.php\/wp-json\/wp\/v2\/types\/page"}],"author":[{"embeddable":true,"href":"https:\/\/globalindustriayservicios.com\/index.php\/wp-json\/wp\/v2\/users\/1"}],"replies":[{"embeddable":true,"href":"https:\/\/globalindustriayservicios.com\/index.php\/wp-json\/wp\/v2\/comments?post=7"}],"version-history":[{"count":47,"href":"https:\/\/globalindustriayservicios.com\/index.php\/wp-json\/wp\/v2\/pages\/7\/revisions"}],"predecessor-version":[{"id":715,"href":"https:\/\/globalindustriayservicios.com\/index.php\/wp-json\/wp\/v2\/pages\/7\/revisions\/715"}],"wp:featuredmedia":[{"embeddable":true,"href":"https:\/\/globalindustriayservicios.com\/index.php\/wp-json\/wp\/v2\/media\/659"}],"wp:attachment":[{"href":"https:\/\/globalindustriayservicios.com\/index.php\/wp-json\/wp\/v2\/media?parent=7"}],"curies":[{"name":"wp","href":"https:\/\/api.w.org\/{rel}","templated":true}]}}